{"id":1924,"date":"2025-06-23T16:54:20","date_gmt":"2025-06-23T14:54:20","guid":{"rendered":"https:\/\/ntca.fd.cvut.cz\/?page_id=1924"},"modified":"2026-01-17T20:19:56","modified_gmt":"2026-01-17T19:19:56","slug":"eswc-committees","status":"publish","type":"page","link":"https:\/\/ntca.fd.cvut.cz\/index.php\/eswc-committees\/","title":{"rendered":"ESWC Committees"},"content":{"rendered":"\t\t<div data-elementor-type=\"wp-page\" data-elementor-id=\"1924\" class=\"elementor elementor-1924\" data-elementor-settings=\"[]\">\n\t\t\t\t\t\t<div class=\"elementor-inner\">\n\t\t\t\t\t\t\t<div class=\"elementor-section-wrap\">\n\t\t\t\t\t\t\t<section class=\"elementor-section elementor-top-section elementor-element elementor-element-89d0bb6 elementor-section-boxed elementor-section-height-default elementor-section-height-default\" data-id=\"89d0bb6\" data-element_type=\"section\" data-settings=\"{&quot;background_background&quot;:&quot;classic&quot;}\">\n\t\t\t\t\t\t<div class=\"elementor-container elementor-column-gap-default\">\n\t\t\t\t\t\t\t<div class=\"elementor-row\">\n\t\t\t\t\t<div class=\"elementor-column elementor-col-100 elementor-top-column elementor-element elementor-element-38a5318\" data-id=\"38a5318\" data-element_type=\"column\">\n\t\t\t<div class=\"elementor-column-wrap elementor-element-populated\">\n\t\t\t\t\t\t\t<div class=\"elementor-widget-wrap\">\n\t\t\t\t\t\t<div class=\"elementor-element elementor-element-bf52961 elementor-widget elementor-widget-heading\" data-id=\"bf52961\" data-element_type=\"widget\" data-widget_type=\"heading.default\">\n\t\t\t\t<div class=\"elementor-widget-container\">\n\t\t\t<h5 class=\"elementor-heading-title elementor-size-default\">Scientific Committee<\/h5>\t\t<\/div>\n\t\t\t\t<\/div>\n\t\t\t\t\t\t<\/div>\n\t\t\t\t\t<\/div>\n\t\t<\/div>\n\t\t\t\t\t\t\t\t<\/div>\n\t\t\t\t\t<\/div>\n\t\t<\/section>\n\t\t\t\t<section class=\"elementor-section elementor-top-section elementor-element elementor-element-6a4411cb elementor-section-boxed elementor-section-height-default elementor-section-height-default\" data-id=\"6a4411cb\" data-element_type=\"section\">\n\t\t\t\t\t\t<div class=\"elementor-container elementor-column-gap-default\">\n\t\t\t\t\t\t\t<div class=\"elementor-row\">\n\t\t\t\t\t<div class=\"elementor-column elementor-col-100 elementor-top-column elementor-element elementor-element-51bb64cc\" data-id=\"51bb64cc\" data-element_type=\"column\">\n\t\t\t<div class=\"elementor-column-wrap elementor-element-populated\">\n\t\t\t\t\t\t\t<div class=\"elementor-widget-wrap\">\n\t\t\t\t\t\t<div class=\"elementor-element elementor-element-1748b321 elementor-widget elementor-widget-text-editor\" data-id=\"1748b321\" data-element_type=\"widget\" data-widget_type=\"text-editor.default\">\n\t\t\t\t<div class=\"elementor-widget-container\">\n\t\t\t\t\t\t\t\t<div class=\"elementor-text-editor elementor-clearfix\">\n\t\t\t\t<p><span style=\"color: #003352;\"><strong>Committee members:<\/strong><\/span><br \/><strong>Antonio Javier Nakhal Akel<\/strong> \u2013 <em>Universitas Mercatorum, IT<\/em><br \/><strong>Mikela Chatzimichailidou<\/strong> \u2013 <em>University College London, UK<\/em><br \/><strong>Ioannis Dokas<\/strong> \u2013 Democritus <em>University of Thrace, GR<\/em><br \/><span data-teams=\"true\"><strong>Floris Goerlandt<\/strong> <i>\u2013 Dalhousie University in Halifax, NS, CA<\/i><\/span><br \/><strong>Daniel Hartmann<\/strong> \u2013 <em>, IL<\/em><br \/><strong>George Kafoutis<\/strong> \u2013 <em>Democritus University of Thrace, GR<\/em><br \/><strong>Gulsum Kubra Kaya<\/strong> \u2013 <em>Cranfield University, UK<\/em><br \/><strong>Andrej Lali\u0161<\/strong> \u2013 <em>Akaene Partners, CZ<\/em><br \/><strong>Jakub Montewka<\/strong> \u2013 <em>Gda\u0144sk University of Technology, PL<\/em><br \/><strong>Riccardo Patriarca<\/strong> \u2013 <em>Sapienza University of Rome, IT<\/em><br \/><span data-olk-copy-source=\"MessageBody\"><strong>Lorena Pelegrin<\/strong> \u2013 <em>Iron Mountain Digital Business Unit, US<\/em><\/span><br \/><strong>Milan P\u0161eni\u010dka<\/strong> \u2013 <em>AERO Vodochody AEROSPACE a.s., CZ<\/em><br \/><strong>Martin Rejzek<\/strong> \u2013 <em>Zurich University of Applied Sciences, CH<\/em><br \/><strong>B\u00f8rge Rokseth<\/strong> \u2013 <em>Norwegian University of Science and Technology, NO<\/em><br \/><strong>Francesco Simone<\/strong> \u2013 <em>Sapienza University of Rome, IT<\/em><br \/><span data-teams=\"true\"><strong>Anthony Smoker<\/strong><em> \u2013\u00a0Lund University, SE<\/em><\/span><br \/><strong>Julien Vidalie<\/strong> \u2013 <em>Airbus Protect, FR<\/em><br \/><strong>Peter Vittek<\/strong> \u2013 <em>Czech Technical University in Prague, CZ<\/em><br \/><strong>Krzysztof Wr\u00f3bel<\/strong> \u2013 <em>Gdynia Maritime University, PL<\/em><br \/><span data-teams=\"true\"><strong>Rogier Woltjer<\/strong><i> \u2013\u00a0Lund University, SE<\/i><\/span><br \/><strong>Reuven Yagel<\/strong> \u2013 <em>Azrieli Jerusalem College of Engineering, IL<\/em><\/p>\t\t\t\t\t<\/div>\n\t\t\t\t\t\t<\/div>\n\t\t\t\t<\/div>\n\t\t\t\t\t\t<\/div>\n\t\t\t\t\t<\/div>\n\t\t<\/div>\n\t\t\t\t\t\t\t\t<\/div>\n\t\t\t\t\t<\/div>\n\t\t<\/section>\n\t\t\t\t<section class=\"elementor-section elementor-top-section elementor-element elementor-element-014da96 elementor-section-boxed elementor-section-height-default elementor-section-height-default\" data-id=\"014da96\" data-element_type=\"section\">\n\t\t\t\t\t\t<div class=\"elementor-container elementor-column-gap-default\">\n\t\t\t\t\t\t\t<div class=\"elementor-row\">\n\t\t\t\t\t<div class=\"elementor-column elementor-col-100 elementor-top-column elementor-element elementor-element-1563baa\" data-id=\"1563baa\" data-element_type=\"column\">\n\t\t\t<div class=\"elementor-column-wrap elementor-element-populated\">\n\t\t\t\t\t\t\t<div class=\"elementor-widget-wrap\">\n\t\t\t\t\t\t<div class=\"elementor-element elementor-element-a582e16 elementor-widget elementor-widget-spacer\" data-id=\"a582e16\" data-element_type=\"widget\" data-widget_type=\"spacer.default\">\n\t\t\t\t<div class=\"elementor-widget-container\">\n\t\t\t\t\t<div class=\"elementor-spacer\">\n\t\t\t<div class=\"elementor-spacer-inner\"><\/div>\n\t\t<\/div>\n\t\t\t\t<\/div>\n\t\t\t\t<\/div>\n\t\t\t\t\t\t<\/div>\n\t\t\t\t\t<\/div>\n\t\t<\/div>\n\t\t\t\t\t\t\t\t<\/div>\n\t\t\t\t\t<\/div>\n\t\t<\/section>\n\t\t\t\t<section class=\"elementor-section elementor-top-section elementor-element elementor-element-c17b3f5 elementor-section-boxed elementor-section-height-default elementor-section-height-default\" data-id=\"c17b3f5\" data-element_type=\"section\" data-settings=\"{&quot;background_background&quot;:&quot;classic&quot;}\">\n\t\t\t\t\t\t<div class=\"elementor-container elementor-column-gap-default\">\n\t\t\t\t\t\t\t<div class=\"elementor-row\">\n\t\t\t\t\t<div class=\"elementor-column elementor-col-100 elementor-top-column elementor-element elementor-element-5f99349\" data-id=\"5f99349\" data-element_type=\"column\">\n\t\t\t<div class=\"elementor-column-wrap elementor-element-populated\">\n\t\t\t\t\t\t\t<div class=\"elementor-widget-wrap\">\n\t\t\t\t\t\t<div class=\"elementor-element elementor-element-a5e4967 elementor-widget elementor-widget-heading\" data-id=\"a5e4967\" data-element_type=\"widget\" data-widget_type=\"heading.default\">\n\t\t\t\t<div class=\"elementor-widget-container\">\n\t\t\t<h5 class=\"elementor-heading-title elementor-size-default\">Organizing Committee<\/h5>\t\t<\/div>\n\t\t\t\t<\/div>\n\t\t\t\t\t\t<\/div>\n\t\t\t\t\t<\/div>\n\t\t<\/div>\n\t\t\t\t\t\t\t\t<\/div>\n\t\t\t\t\t<\/div>\n\t\t<\/section>\n\t\t\t\t<section class=\"elementor-section elementor-top-section elementor-element elementor-element-45526d2 elementor-section-boxed elementor-section-height-default elementor-section-height-default\" data-id=\"45526d2\" data-element_type=\"section\">\n\t\t\t\t\t\t<div class=\"elementor-container elementor-column-gap-default\">\n\t\t\t\t\t\t\t<div class=\"elementor-row\">\n\t\t\t\t\t<div class=\"elementor-column elementor-col-100 elementor-top-column elementor-element elementor-element-faa5f39\" data-id=\"faa5f39\" data-element_type=\"column\">\n\t\t\t<div class=\"elementor-column-wrap elementor-element-populated\">\n\t\t\t\t\t\t\t<div class=\"elementor-widget-wrap\">\n\t\t\t\t\t\t<div class=\"elementor-element elementor-element-9cc4344 elementor-widget elementor-widget-text-editor\" data-id=\"9cc4344\" data-element_type=\"widget\" data-widget_type=\"text-editor.default\">\n\t\t\t\t<div class=\"elementor-widget-container\">\n\t\t\t\t\t\t\t\t<div class=\"elementor-text-editor elementor-clearfix\">\n\t\t\t\t<p><span style=\"color: #003352;\"><strong>Chairman:\u00a0\u00a0<\/strong><\/span><u><br \/><\/u><strong>Natalia Guskova<\/strong>\u00a0\u2013\u00a0<em>Czech Technical University in Prague, CZ\u00a0<\/em><\/p><p><span style=\"color: #003352;\"><strong>Committee members:<\/strong><\/span><br \/><strong>Max Chopart <\/strong><em>\u2013 Czech Technical University in Prague, CZ<\/em><br \/><strong>Martin \u010cernot\u00edk<\/strong>\u00a0\u2013\u00a0<em>Czech Technical University in Prague, CZ<\/em><br \/><span data-teams=\"true\"><strong>Kate\u0159ina Gr\u00f6tschelov\u00e1<\/strong><\/span> \u2013 <em>Czech Technical University in Prague, CZ<\/em><br \/><span data-teams=\"true\"><strong>Lenka Han\u00e1kov\u00e1<\/strong><\/span> \u2013 <em>Czech Technical University in Prague, CZ<\/em><br \/><span data-teams=\"true\"><strong>Vladim\u00edr Socha<\/strong><\/span> \u2013 <em>Czech Technical University in Prague, CZ<\/em><\/p>\t\t\t\t\t<\/div>\n\t\t\t\t\t\t<\/div>\n\t\t\t\t<\/div>\n\t\t\t\t\t\t<\/div>\n\t\t\t\t\t<\/div>\n\t\t<\/div>\n\t\t\t\t\t\t\t\t<\/div>\n\t\t\t\t\t<\/div>\n\t\t<\/section>\n\t\t\t\t\t\t<\/div>\n\t\t\t\t\t\t<\/div>\n\t\t\t\t\t<\/div>\n\t\t","protected":false},"excerpt":{"rendered":"<p>Scientific Committee Committee members:Antonio Javier Nakhal Akel \u2013 Universitas Mercatorum, ITMikela Chatzimichailidou \u2013 University College London, UKIoannis Dokas \u2013 Democritus&hellip;<\/p>\n","protected":false},"author":1,"featured_media":0,"parent":0,"menu_order":0,"comment_status":"closed","ping_status":"closed","template":"","meta":{"footnotes":""},"class_list":["post-1924","page","type-page","status-publish","hentry"],"_links":{"self":[{"href":"https:\/\/ntca.fd.cvut.cz\/index.php\/wp-json\/wp\/v2\/pages\/1924","targetHints":{"allow":["GET"]}}],"collection":[{"href":"https:\/\/ntca.fd.cvut.cz\/index.php\/wp-json\/wp\/v2\/pages"}],"about":[{"href":"https:\/\/ntca.fd.cvut.cz\/index.php\/wp-json\/wp\/v2\/types\/page"}],"author":[{"embeddable":true,"href":"https:\/\/ntca.fd.cvut.cz\/index.php\/wp-json\/wp\/v2\/users\/1"}],"replies":[{"embeddable":true,"href":"https:\/\/ntca.fd.cvut.cz\/index.php\/wp-json\/wp\/v2\/comments?post=1924"}],"version-history":[{"count":31,"href":"https:\/\/ntca.fd.cvut.cz\/index.php\/wp-json\/wp\/v2\/pages\/1924\/revisions"}],"predecessor-version":[{"id":2360,"href":"https:\/\/ntca.fd.cvut.cz\/index.php\/wp-json\/wp\/v2\/pages\/1924\/revisions\/2360"}],"wp:attachment":[{"href":"https:\/\/ntca.fd.cvut.cz\/index.php\/wp-json\/wp\/v2\/media?parent=1924"}],"curies":[{"name":"wp","href":"https:\/\/api.w.org\/{rel}","templated":true}]}}