{"id":9,"date":"2019-08-28T13:30:12","date_gmt":"2019-08-28T11:30:12","guid":{"rendered":"https:\/\/ntca.fd.cvut.cz\/?page_id=9"},"modified":"2026-04-13T18:10:49","modified_gmt":"2026-04-13T16:10:49","slug":"committees","status":"publish","type":"page","link":"https:\/\/ntca.fd.cvut.cz\/index.php\/committees\/","title":{"rendered":"Committees"},"content":{"rendered":"\t\t<div data-elementor-type=\"wp-page\" data-elementor-id=\"9\" class=\"elementor elementor-9\" data-elementor-settings=\"[]\">\n\t\t\t\t\t\t<div class=\"elementor-inner\">\n\t\t\t\t\t\t\t<div class=\"elementor-section-wrap\">\n\t\t\t\t\t\t\t<section class=\"elementor-section elementor-top-section elementor-element elementor-element-89d0bb6 elementor-section-boxed elementor-section-height-default elementor-section-height-default\" data-id=\"89d0bb6\" data-element_type=\"section\" data-settings=\"{&quot;background_background&quot;:&quot;classic&quot;}\">\n\t\t\t\t\t\t<div class=\"elementor-container elementor-column-gap-default\">\n\t\t\t\t\t\t\t<div class=\"elementor-row\">\n\t\t\t\t\t<div class=\"elementor-column elementor-col-100 elementor-top-column elementor-element elementor-element-38a5318\" data-id=\"38a5318\" data-element_type=\"column\">\n\t\t\t<div class=\"elementor-column-wrap elementor-element-populated\">\n\t\t\t\t\t\t\t<div class=\"elementor-widget-wrap\">\n\t\t\t\t\t\t<div class=\"elementor-element elementor-element-bf52961 elementor-widget elementor-widget-heading\" data-id=\"bf52961\" data-element_type=\"widget\" data-widget_type=\"heading.default\">\n\t\t\t\t<div class=\"elementor-widget-container\">\n\t\t\t<h5 class=\"elementor-heading-title elementor-size-default\">Technical Programme Committee<\/h5>\t\t<\/div>\n\t\t\t\t<\/div>\n\t\t\t\t\t\t<\/div>\n\t\t\t\t\t<\/div>\n\t\t<\/div>\n\t\t\t\t\t\t\t\t<\/div>\n\t\t\t\t\t<\/div>\n\t\t<\/section>\n\t\t\t\t<section class=\"elementor-section elementor-top-section elementor-element elementor-element-6a4411cb elementor-section-boxed elementor-section-height-default elementor-section-height-default\" data-id=\"6a4411cb\" data-element_type=\"section\">\n\t\t\t\t\t\t<div class=\"elementor-container elementor-column-gap-default\">\n\t\t\t\t\t\t\t<div class=\"elementor-row\">\n\t\t\t\t\t<div class=\"elementor-column elementor-col-100 elementor-top-column elementor-element elementor-element-51bb64cc\" data-id=\"51bb64cc\" data-element_type=\"column\">\n\t\t\t<div class=\"elementor-column-wrap elementor-element-populated\">\n\t\t\t\t\t\t\t<div class=\"elementor-widget-wrap\">\n\t\t\t\t\t\t<div class=\"elementor-element elementor-element-1748b321 elementor-widget elementor-widget-text-editor\" data-id=\"1748b321\" data-element_type=\"widget\" data-widget_type=\"text-editor.default\">\n\t\t\t\t<div class=\"elementor-widget-container\">\n\t\t\t\t\t\t\t\t<div class=\"elementor-text-editor elementor-clearfix\">\n\t\t\t\t<div><span style=\"color: #003352;\"><strong>Chairman:\u00a0\u00a0<\/strong><\/span><u><br \/><\/u><span style=\"font-family: 'Open Sans', sans-serif; font-weight: bolder;\">Jakub Kraus<\/span><span style=\"font-family: 'Open Sans', sans-serif;\">\u00a0<\/span><span style=\"font-family: 'Open Sans', sans-serif;\">&#8211;<\/span><span style=\"font-family: 'Open Sans', sans-serif;\">\u00a0<\/span><em style=\"font-family: 'Open Sans', sans-serif;\">Czech Technical University in Prague, CZ\u00a0<\/em><\/div><p><span style=\"color: #003352;\"><strong>Committee members:<\/strong><\/span><br \/><strong>Ellie Abdi<\/strong> \u2013 <em>Montclair State University<\/em>, US<br \/><strong>Benedikt Bad\u00e1nik<\/strong>\u00a0\u2013\u00a0<em>University of Zilina, SK<\/em><br \/><strong>Simone Borsci<\/strong> \u2013 <em>University of Twente<\/em>, NL<br \/><strong>Jan Bo\u0159il\u00a0<\/strong><em>\u2013 Brno University of Defence, CZ<br \/><\/em><strong>Giulio Di Gravio<\/strong>\u00a0\u2013\u00a0<em>Sapienza Universita di Roma, IT<\/em><br \/><strong>Ladislav F\u0151z\u0151<\/strong><em> \u2013 Technical University of Kosice, SK<\/em><br \/><strong>Peter Korba <\/strong><em>\u2013 Technical University of Kosice, SK<\/em><br \/><strong>Petr K\u0159emen<\/strong>\u00a0<em>\u2013 Czech Technical University in Prague, CZ\u00a0 \u00a0\u00a0\u00a0\u00a0\u00a0\u00a0\u00a0<\/em><strong><br \/><\/strong><strong>Martynas Lendraitis <\/strong><em>\u2013 <span data-olk-copy-source=\"MessageBody\">Kaunas University of Technology<\/span>, LT\u00a0<\/em><br \/><strong>Franti\u0161ek Marko\u00a0<\/strong>\u2013\u00a0<em>Pennsylvania State University, US<\/em><br \/><strong>William J. Muldoon <\/strong><em>\u2013 International Space University, FR<br \/><\/em><strong>Riccardo Patriarca\u00a0<\/strong><em>\u2013 Sapienza Universita di Roma, IT<\/em><br \/><strong>Pavol Pecho<\/strong>\u00a0\u2013\u00a0<em>University of Zilina, SK<\/em><br \/><strong>Ondrej Petrus<\/strong> \u2013 Slovak Academy of Sciences<em>, SK<\/em><br \/><strong>Judith Rosenow<\/strong><em>\u00a0\u2013\u00a0<\/em><em>German Aerospace Center, DE<\/em><br \/><strong>Miroslav \u0160p\u00e1k<\/strong> \u2013 Lux-Airport<em>, LU<br \/><\/em><strong>Andreas Voigt<\/strong><em>\u00a0\u2013\u00a0German Aerospace Center, DE<\/em><br \/><strong>Robert Walton<\/strong><em>\u00a0<\/em><em>\u2013\u00a0Embry-Riddle Aeronautical University \u2013 Worldwide, US<\/em><br \/><strong>Zaili Yang<\/strong> \u2013 <em>Liverpool John Moores University<\/em>, UK<\/p>\t\t\t\t\t<\/div>\n\t\t\t\t\t\t<\/div>\n\t\t\t\t<\/div>\n\t\t\t\t\t\t<\/div>\n\t\t\t\t\t<\/div>\n\t\t<\/div>\n\t\t\t\t\t\t\t\t<\/div>\n\t\t\t\t\t<\/div>\n\t\t<\/section>\n\t\t\t\t<section class=\"elementor-section elementor-top-section elementor-element elementor-element-014da96 elementor-section-boxed elementor-section-height-default elementor-section-height-default\" data-id=\"014da96\" data-element_type=\"section\">\n\t\t\t\t\t\t<div class=\"elementor-container elementor-column-gap-default\">\n\t\t\t\t\t\t\t<div class=\"elementor-row\">\n\t\t\t\t\t<div class=\"elementor-column elementor-col-100 elementor-top-column elementor-element elementor-element-1563baa\" data-id=\"1563baa\" data-element_type=\"column\">\n\t\t\t<div class=\"elementor-column-wrap elementor-element-populated\">\n\t\t\t\t\t\t\t<div class=\"elementor-widget-wrap\">\n\t\t\t\t\t\t<div class=\"elementor-element elementor-element-a582e16 elementor-widget elementor-widget-spacer\" data-id=\"a582e16\" data-element_type=\"widget\" data-widget_type=\"spacer.default\">\n\t\t\t\t<div class=\"elementor-widget-container\">\n\t\t\t\t\t<div class=\"elementor-spacer\">\n\t\t\t<div class=\"elementor-spacer-inner\"><\/div>\n\t\t<\/div>\n\t\t\t\t<\/div>\n\t\t\t\t<\/div>\n\t\t\t\t\t\t<\/div>\n\t\t\t\t\t<\/div>\n\t\t<\/div>\n\t\t\t\t\t\t\t\t<\/div>\n\t\t\t\t\t<\/div>\n\t\t<\/section>\n\t\t\t\t<section class=\"elementor-section elementor-top-section elementor-element elementor-element-c17b3f5 elementor-section-boxed elementor-section-height-default elementor-section-height-default\" data-id=\"c17b3f5\" data-element_type=\"section\" data-settings=\"{&quot;background_background&quot;:&quot;classic&quot;}\">\n\t\t\t\t\t\t<div class=\"elementor-container elementor-column-gap-default\">\n\t\t\t\t\t\t\t<div class=\"elementor-row\">\n\t\t\t\t\t<div class=\"elementor-column elementor-col-100 elementor-top-column elementor-element elementor-element-5f99349\" data-id=\"5f99349\" data-element_type=\"column\">\n\t\t\t<div class=\"elementor-column-wrap elementor-element-populated\">\n\t\t\t\t\t\t\t<div class=\"elementor-widget-wrap\">\n\t\t\t\t\t\t<div class=\"elementor-element elementor-element-a5e4967 elementor-widget elementor-widget-heading\" data-id=\"a5e4967\" data-element_type=\"widget\" data-widget_type=\"heading.default\">\n\t\t\t\t<div class=\"elementor-widget-container\">\n\t\t\t<h5 class=\"elementor-heading-title elementor-size-default\">Organizing Committee<\/h5>\t\t<\/div>\n\t\t\t\t<\/div>\n\t\t\t\t\t\t<\/div>\n\t\t\t\t\t<\/div>\n\t\t<\/div>\n\t\t\t\t\t\t\t\t<\/div>\n\t\t\t\t\t<\/div>\n\t\t<\/section>\n\t\t\t\t<section class=\"elementor-section elementor-top-section elementor-element elementor-element-45526d2 elementor-section-boxed elementor-section-height-default elementor-section-height-default\" data-id=\"45526d2\" data-element_type=\"section\">\n\t\t\t\t\t\t<div class=\"elementor-container elementor-column-gap-default\">\n\t\t\t\t\t\t\t<div class=\"elementor-row\">\n\t\t\t\t\t<div class=\"elementor-column elementor-col-100 elementor-top-column elementor-element elementor-element-faa5f39\" data-id=\"faa5f39\" data-element_type=\"column\">\n\t\t\t<div class=\"elementor-column-wrap elementor-element-populated\">\n\t\t\t\t\t\t\t<div class=\"elementor-widget-wrap\">\n\t\t\t\t\t\t<div class=\"elementor-element elementor-element-9cc4344 elementor-widget elementor-widget-text-editor\" data-id=\"9cc4344\" data-element_type=\"widget\" data-widget_type=\"text-editor.default\">\n\t\t\t\t<div class=\"elementor-widget-container\">\n\t\t\t\t\t\t\t\t<div class=\"elementor-text-editor elementor-clearfix\">\n\t\t\t\t<p><span style=\"color: #003352;\"><strong>Chairman:\u00a0\u00a0<\/strong><\/span><u><br \/><\/u><strong>Vladim\u00edr Socha<\/strong>\u00a0\u2013\u00a0<em>Czech Technical University in Prague, CZ\u00a0<\/em><\/p><p><span style=\"color: #003352;\"><strong>Committee members:<\/strong><\/span><br \/><strong>Lenka Han\u00e1kov\u00e1 <\/strong><em>\u2013 Czech Technical University in Prague, CZ<\/em><br \/><strong>Umer Asgher<\/strong> \u2013 <em>Czech Technical University in Prague, CZ<\/em><br \/><strong>Benedikt Bad\u00e1nik<\/strong>\u00a0\u2013\u00a0<em>University of Zilina, SK<\/em>o<br \/><strong>Martin \u010cernot\u00edk<\/strong> \u2013\u00a0<em>Czech Technical University in Prague, CZ<\/em><br \/><strong>Max Chopart<\/strong> \u2013\u00a0<em>Czech Technical University in Prague, CZ<\/em><br \/><strong>Kate\u0159ina Gr\u00f6tschelov\u00e1<\/strong> \u2013\u00a0<em>Czech Technical University in Prague, CZ<\/em><br \/><strong>Michal Matowicki<\/strong>\u00a0<em>\u2013 Czech Technical University in Prague, CZ<\/em><br \/><strong>Pranav Nagarajan<\/strong> \u2013 <em>German Aerospace Center, DE<\/em><br \/><strong>Boris Oni\u0161\u010denko<\/strong>\u00a0\u2013\u00a0<em>Institute of Aviation Medicine, Prague, CZ<\/em><br \/><strong>Sebastian Schirmer<\/strong> \u2013 <em>German Aerospace Center, DE<\/em><br \/><strong>Lubo\u0161 Socha<\/strong><em>\u00a0\u2013 Czech Technical University in Prague, CZ<\/em><br \/><strong>Slobodan Stoji\u0107<\/strong><em> \u2013 Czech Technical University in Prague, CZ<\/em><br \/><strong>Daniel Urban<\/strong><em> \u2013 Czech Technical University in Prague, CZ<\/em><\/p>\t\t\t\t\t<\/div>\n\t\t\t\t\t\t<\/div>\n\t\t\t\t<\/div>\n\t\t\t\t\t\t<\/div>\n\t\t\t\t\t<\/div>\n\t\t<\/div>\n\t\t\t\t\t\t\t\t<\/div>\n\t\t\t\t\t<\/div>\n\t\t<\/section>\n\t\t\t\t\t\t<\/div>\n\t\t\t\t\t\t<\/div>\n\t\t\t\t\t<\/div>\n\t\t","protected":false},"excerpt":{"rendered":"<p>Technical Programme Committee Chairman:\u00a0\u00a0Jakub Kraus\u00a0&#8211;\u00a0Czech Technical University in Prague, CZ\u00a0 Committee members:Ellie Abdi \u2013 Montclair State University, USBenedikt Bad\u00e1nik\u00a0\u2013\u00a0University of&hellip;<\/p>\n","protected":false},"author":1,"featured_media":0,"parent":0,"menu_order":0,"comment_status":"closed","ping_status":"closed","template":"","meta":{"footnotes":""},"class_list":["post-9","page","type-page","status-publish","hentry"],"_links":{"self":[{"href":"https:\/\/ntca.fd.cvut.cz\/index.php\/wp-json\/wp\/v2\/pages\/9","targetHints":{"allow":["GET"]}}],"collection":[{"href":"https:\/\/ntca.fd.cvut.cz\/index.php\/wp-json\/wp\/v2\/pages"}],"about":[{"href":"https:\/\/ntca.fd.cvut.cz\/index.php\/wp-json\/wp\/v2\/types\/page"}],"author":[{"embeddable":true,"href":"https:\/\/ntca.fd.cvut.cz\/index.php\/wp-json\/wp\/v2\/users\/1"}],"replies":[{"embeddable":true,"href":"https:\/\/ntca.fd.cvut.cz\/index.php\/wp-json\/wp\/v2\/comments?post=9"}],"version-history":[{"count":186,"href":"https:\/\/ntca.fd.cvut.cz\/index.php\/wp-json\/wp\/v2\/pages\/9\/revisions"}],"predecessor-version":[{"id":2437,"href":"https:\/\/ntca.fd.cvut.cz\/index.php\/wp-json\/wp\/v2\/pages\/9\/revisions\/2437"}],"wp:attachment":[{"href":"https:\/\/ntca.fd.cvut.cz\/index.php\/wp-json\/wp\/v2\/media?parent=9"}],"curies":[{"name":"wp","href":"https:\/\/api.w.org\/{rel}","templated":true}]}}